{"id":10,"date":"2024-06-26T11:51:42","date_gmt":"2024-06-26T11:51:42","guid":{"rendered":"https:\/\/otan.testpw.link\/?page_id=10"},"modified":"2025-02-19T11:27:18","modified_gmt":"2025-02-19T11:27:18","slug":"home","status":"publish","type":"page","link":"https:\/\/otan.testpw.link\/en\/","title":{"rendered":"Home"},"content":{"rendered":"<p>[et_pb_section fb_built=\u00a0\u00bb1&Prime; custom_padding_last_edited=\u00a0\u00bbon|phone\u00a0\u00bb _builder_version=\u00a0\u00bb4.25.2&Prime; _module_preset=\u00a0\u00bbdefault\u00a0\u00bb background_color=\u00a0\u00bb#FFFFFF\u00a0\u00bb background_enable_pattern_style=\u00a0\u00bbon\u00a0\u00bb background_pattern_size=\u00a0\u00bbcustom\u00a0\u00bb background_pattern_width=\u00a0\u00bb4px\u00a0\u00bb custom_margin=\u00a0\u00bb0px||0px||false|false\u00a0\u00bb custom_padding=\u00a0\u00bb280px||110px||false|false\u00a0\u00bb custom_padding_tablet=\u00a0\u00bb1px||110px||false|false\u00a0\u00bb custom_padding_phone=\u00a0\u00bb45px||90px||false|false\u00a0\u00bb hover_enabled=\u00a0\u00bb0&Prime; locked=\u00a0\u00bboff\u00a0\u00bb global_colors_info=\u00a0\u00bb{}\u00a0\u00bb sticky_enabled=\u00a0\u00bb0&Prime;][et_pb_row _builder_version=\u00a0\u00bb4.25.2&Prime; _module_preset=\u00a0\u00bbdefault\u00a0\u00bb width=\u00a0\u00bb90%\u00a0\u00bb max_width=\u00a0\u00bb1290px\u00a0\u00bb custom_margin=\u00a0\u00bb-301px||150px||false|false\u00a0\u00bb custom_margin_tablet=\u00a0\u00bb-160px||120px||false|false\u00a0\u00bb custom_margin_phone=\u00a0\u00bb-75px||0px||false|false\u00a0\u00bb custom_margin_last_edited=\u00a0\u00bbon|tablet\u00a0\u00bb custom_padding=\u00a0\u00bb0px||0px||false|false\u00a0\u00bb border_radii=\u00a0\u00bbon|10px|10px|10px|10px\u00a0\u00bb global_colors_info=\u00a0\u00bb{}\u00a0\u00bb][et_pb_column type=\u00a0\u00bb4_4&Prime; _builder_version=\u00a0\u00bb4.24.3&Prime; _module_preset=\u00a0\u00bbdefault\u00a0\u00bb global_colors_info=\u00a0\u00bb{}\u00a0\u00bb][\/et_pb_column][\/et_pb_row][et_pb_row column_structure=\u00a0\u00bb1_2,1_2&Prime; use_custom_gutter=\u00a0\u00bbon\u00a0\u00bb gutter_width=\u00a0\u00bb1&Prime; make_equal=\u00a0\u00bbon\u00a0\u00bb _builder_version=\u00a0\u00bb4.25.2&Prime; _module_preset=\u00a0\u00bbdefault\u00a0\u00bb background_image=\u00a0\u00bbhttps:\/\/otan.testpw.link\/wp-content\/uploads\/2024\/06\/logistic-13-vas-5.png\u00a0\u00bb background_size=\u00a0\u00bbcustom\u00a0\u00bb background_image_width=\u00a0\u00bb734px\u00a0\u00bb background_position=\u00a0\u00bbcenter_left\u00a0\u00bb background_horizontal_offset=\u00a0\u00bb-10px\u00a0\u00bb width=\u00a0\u00bb90%\u00a0\u00bb max_width=\u00a0\u00bb75%\u00a0\u00bb max_width_tablet=\u00a0\u00bb75%\u00a0\u00bb max_width_phone=\u00a0\u00bb85%\u00a0\u00bb max_width_last_edited=\u00a0\u00bbon|phone\u00a0\u00bb custom_margin=\u00a0\u00bb0px||140px||false|false\u00a0\u00bb custom_margin_tablet=\u00a0\u00bb0px||120px||false|false\u00a0\u00bb custom_margin_phone=\u00a0\u00bb||90px||false|false\u00a0\u00bb custom_margin_last_edited=\u00a0\u00bbon|tablet\u00a0\u00bb custom_padding=\u00a0\u00bb0px||0px||false|false\u00a0\u00bb background_last_edited=\u00a0\u00bbon|tablet\u00a0\u00bb background_image_width_phone=\u00a0\u00bb300px\u00a0\u00bb background_position_tablet=\u00a0\u00bbtop_left\u00a0\u00bb background_position_phone=\u00a0\u00bbtop_right\u00a0\u00bb background_horizontal_offset_tablet=\u00a0\u00bb-65px\u00a0\u00bb background_horizontal_offset_phone=\u00a0\u00bb0px\u00a0\u00bb background_vertical_offset_tablet=\u00a0\u00bb11%\u00a0\u00bb background_vertical_offset_phone=\u00a0\u00bb2%\u00a0\u00bb custom_css_main_element=\u00a0\u00bbDISPLAY:FLEX;||ALIGN-ITEMS:CENTER;||\u00a0\u00bb locked=\u00a0\u00bboff\u00a0\u00bb global_colors_info=\u00a0\u00bb{}\u00a0\u00bb][et_pb_column type=\u00a0\u00bb1_2&Prime; _builder_version=\u00a0\u00bb4.25.2&Prime; _module_preset=\u00a0\u00bbdefault\u00a0\u00bb custom_padding=\u00a0\u00bb||||false|false\u00a0\u00bb global_colors_info=\u00a0\u00bb{}\u00a0\u00bb][et_pb_text _builder_version=\u00a0\u00bb4.25.2&Prime; _module_preset=\u00a0\u00bbdefault\u00a0\u00bb header_4_font=\u00a0\u00bbUrbanist||||on|||#004990|\u00a0\u00bb header_4_text_align=\u00a0\u00bbleft\u00a0\u00bb header_4_text_color=\u00a0\u00bb#004990&Prime; header_4_font_size=\u00a0\u00bb19px\u00a0\u00bb header_4_line_height=\u00a0\u00bb1.2em\u00a0\u00bb custom_margin=\u00a0\u00bb0px||4px||false|false\u00a0\u00bb custom_margin_tablet=\u00a0\u00bb0px||4px||false|false\u00a0\u00bb custom_margin_phone=\u00a0\u00bb70px||||false|false\u00a0\u00bb custom_margin_last_edited=\u00a0\u00bbon|tablet\u00a0\u00bb custom_padding=\u00a0\u00bb0px||0px||false|false\u00a0\u00bb hover_enabled=\u00a0\u00bb0&Prime; locked=\u00a0\u00bboff\u00a0\u00bb global_colors_info=\u00a0\u00bb{}\u00a0\u00bb sticky_enabled=\u00a0\u00bb0&Prime;]<\/p>\n<h4>Welcome<\/h4>\n<p>[\/et_pb_text][et_pb_text _builder_version=\u00a0\u00bb4.25.2&Prime; _module_preset=\u00a0\u00bbdefault\u00a0\u00bb header_font=\u00a0\u00bbUrbanist|800|||||||\u00a0\u00bb header_text_align=\u00a0\u00bbleft\u00a0\u00bb header_text_color=\u00a0\u00bb#1f242e\u00a0\u00bb header_font_size=\u00a0\u00bb60px\u00a0\u00bb header_line_height=\u00a0\u00bb1.2em\u00a0\u00bb custom_margin=\u00a0\u00bb0px||0px||false|false\u00a0\u00bb custom_padding=\u00a0\u00bb0px||0px||false|false\u00a0\u00bb hover_enabled=\u00a0\u00bb0&Prime; header_font_size_tablet=\u00a0\u00bb50px\u00a0\u00bb header_font_size_phone=\u00a0\u00bb36px\u00a0\u00bb header_font_size_last_edited=\u00a0\u00bbon|phone\u00a0\u00bb locked=\u00a0\u00bboff\u00a0\u00bb global_colors_info=\u00a0\u00bb{}\u00a0\u00bb sticky_enabled=\u00a0\u00bb0&Prime;]<\/p>\n<h1 class=\"translation-block\">NSPA Former Staff Association<\/h1>\n<p>[\/et_pb_text][et_pb_divider color=\u00a0\u00bb#004990&Prime; _builder_version=\u00a0\u00bb4.25.2&Prime; _module_preset=\u00a0\u00bbdefault\u00a0\u00bb width=\u00a0\u00bb600px\u00a0\u00bb hover_enabled=\u00a0\u00bb0&Prime; global_colors_info=\u00a0\u00bb{}\u00a0\u00bb sticky_enabled=\u00a0\u00bb0&Prime; disabled_on=\u00a0\u00bbon|on|off\u00a0\u00bb][\/et_pb_divider][et_pb_button button_text=\u00a0\u00bbNous contacter\u00a0\u00bb button_alignment=\u00a0\u00bbleft\u00a0\u00bb _builder_version=\u00a0\u00bb4.25.2&Prime; _module_preset=\u00a0\u00bbdefault\u00a0\u00bb custom_button=\u00a0\u00bbon\u00a0\u00bb button_text_size=\u00a0\u00bb16px\u00a0\u00bb button_text_color=\u00a0\u00bb#FFFFFF\u00a0\u00bb button_bg_use_color_gradient=\u00a0\u00bbon\u00a0\u00bb button_bg_color_gradient_direction=\u00a0\u00bb90deg\u00a0\u00bb button_bg_color_gradient_stops=\u00a0\u00bb#004990 0%|#3ba7f8 100%\u00a0\u00bb button_border_width=\u00a0\u00bb1px\u00a0\u00bb button_border_color=\u00a0\u00bb#3BA7F8&Prime; button_border_radius=\u00a0\u00bb8px\u00a0\u00bb button_font=\u00a0\u00bbUrbanist|800|||||||\u00a0\u00bb button_use_icon=\u00a0\u00bboff\u00a0\u00bb custom_margin=\u00a0\u00bb24px||0px||false|false\u00a0\u00bb custom_padding=\u00a0\u00bb13px|52px|13px|52px|false|false\u00a0\u00bb global_colors_info=\u00a0\u00bb{}\u00a0\u00bb button_bg_color__hover_enabled=\u00a0\u00bboff|desktop\u00a0\u00bb button_bg_color__hover=\u00a0\u00bb#1b33c8&Prime; button_bg_enable_color__hover=\u00a0\u00bbon\u00a0\u00bb button_letter_spacing__hover=\u00a0\u00bb1px\u00a0\u00bb button_letter_spacing__hover_enabled=\u00a0\u00bbon|hover\u00a0\u00bb button_border_width__hover_enabled=\u00a0\u00bboff|hover\u00a0\u00bb button_border_width__hover=\u00a0\u00bb1px\u00a0\u00bb][\/et_pb_button][\/et_pb_column][et_pb_column type=\u00a0\u00bb1_2&Prime; _builder_version=\u00a0\u00bb4.25.1&Prime; _module_preset=\u00a0\u00bbdefault\u00a0\u00bb custom_padding=\u00a0\u00bb|||127px|false|false\u00a0\u00bb custom_padding_tablet=\u00a0\u00bb80px|||0px|false|false\u00a0\u00bb custom_padding_phone=\u00a0\u00bb55px||||false|false\u00a0\u00bb custom_padding_last_edited=\u00a0\u00bbon|tablet\u00a0\u00bb custom_css_main_element=\u00a0\u00bbmargin:auto;\u00a0\u00bb global_colors_info=\u00a0\u00bb{}\u00a0\u00bb][et_pb_image src=\u00a0\u00bbhttps:\/\/otan.testpw.link\/wp-content\/uploads\/2024\/06\/Design-sans-titre-2024-06-26T140530.924.png\u00a0\u00bb _builder_version=\u00a0\u00bb4.25.2&Prime; _module_preset=\u00a0\u00bbdefault\u00a0\u00bb max_width=\u00a0\u00bb300px\u00a0\u00bb max_width_tablet=\u00a0\u00bb522px\u00a0\u00bb max_width_phone=\u00a0\u00bb85%\u00a0\u00bb max_width_last_edited=\u00a0\u00bbon|tablet\u00a0\u00bb custom_margin=\u00a0\u00bb0px||0px||false|false\u00a0\u00bb custom_padding=\u00a0\u00bb0px||0px||false|false\u00a0\u00bb animation_style=\u00a0\u00bbfade\u00a0\u00bb animation_speed_curve=\u00a0\u00bbease\u00a0\u00bb global_colors_info=\u00a0\u00bb{}\u00a0\u00bb][\/et_pb_image][\/et_pb_column][\/et_pb_row][et_pb_row column_structure=\u00a0\u00bb2_5,3_5&Prime; use_custom_gutter=\u00a0\u00bbon\u00a0\u00bb gutter_width=\u00a0\u00bb1&Prime; make_equal=\u00a0\u00bbon\u00a0\u00bb _builder_version=\u00a0\u00bb4.25.2&Prime; _module_preset=\u00a0\u00bbdefault\u00a0\u00bb width=\u00a0\u00bb90%\u00a0\u00bb max_width=\u00a0\u00bb75%\u00a0\u00bb max_width_tablet=\u00a0\u00bb75%\u00a0\u00bb max_width_phone=\u00a0\u00bb85%\u00a0\u00bb max_width_last_edited=\u00a0\u00bbon|phone\u00a0\u00bb custom_margin=\u00a0\u00bb0px||125px||false|false\u00a0\u00bb custom_margin_tablet=\u00a0\u00bb0px||0px||false|false\u00a0\u00bb custom_margin_phone=\u00a0\u00bb||0px||false|false\u00a0\u00bb custom_margin_last_edited=\u00a0\u00bbon|tablet\u00a0\u00bb custom_padding=\u00a0\u00bb0px||0px||false|false\u00a0\u00bb hover_enabled=\u00a0\u00bb0&Prime; locked=\u00a0\u00bboff\u00a0\u00bb global_colors_info=\u00a0\u00bb{}\u00a0\u00bb custom_css_main_element_last_edited=\u00a0\u00bbon|desktop\u00a0\u00bb sticky_enabled=\u00a0\u00bb0&Prime;][et_pb_column type=\u00a0\u00bb2_5&Prime; _builder_version=\u00a0\u00bb4.25.2&Prime; _module_preset=\u00a0\u00bbdefault\u00a0\u00bb animation_style=\u00a0\u00bbslide\u00a0\u00bb animation_direction=\u00a0\u00bbbottom\u00a0\u00bb animation_intensity_slide=\u00a0\u00bb3%\u00a0\u00bb animation_speed_curve=\u00a0\u00bbease\u00a0\u00bb custom_css_main_element=\u00a0\u00bbmargin:auto;\u00a0\u00bb global_colors_info=\u00a0\u00bb{}\u00a0\u00bb][et_pb_image src=\u00a0\u00bbhttps:\/\/otan.testpw.link\/wp-content\/uploads\/2024\/06\/Design-sans-titre-2024-06-26T143606.617.jpg\u00a0\u00bb title_text=\u00a0\u00bbguidetti\u00a0\u00bb align_tablet=\u00a0\u00bbcenter\u00a0\u00bb align_phone=\u00a0\u00bbcenter\u00a0\u00bb align_last_edited=\u00a0\u00bbon|tablet\u00a0\u00bb _builder_version=\u00a0\u00bb4.25.2&Prime; _module_preset=\u00a0\u00bbdefault\u00a0\u00bb max_width=\u00a0\u00bb35%\u00a0\u00bb max_width_tablet=\u00a0\u00bb250px\u00a0\u00bb max_width_phone=\u00a0\u00bb60%\u00a0\u00bb max_width_last_edited=\u00a0\u00bbon|desktop\u00a0\u00bb custom_margin=\u00a0\u00bb0px||0px|50px|false|false\u00a0\u00bb custom_margin_tablet=\u00a0\u00bb0px|0px|0px|0px|false|false\u00a0\u00bb custom_margin_phone=\u00a0\u00bb0px|0px|0px|0px|false|false\u00a0\u00bb custom_margin_last_edited=\u00a0\u00bbon|tablet\u00a0\u00bb custom_padding=\u00a0\u00bb0px||0px||false|false\u00a0\u00bb hover_enabled=\u00a0\u00bb0&Prime; module_alignment_tablet=\u00a0\u00bbcenter\u00a0\u00bb module_alignment_phone=\u00a0\u00bbcenter\u00a0\u00bb module_alignment_last_edited=\u00a0\u00bbon|tablet\u00a0\u00bb custom_css_before=\u00a0\u00bbposition: absolute;||    content: %22%22;||    width: 100%;||    height: 100%;||    z-index: -1;||    top: 0;||    left: 0;||    opacity: 1;||    background-color: #004990;||border-radius: 12px;||||-webkit-transform: rotate(-11deg);||    -ms-transform: rotate(-11deg);||    transform: rotate(-11deg);\u00a0\u00bb border_radii=\u00a0\u00bbon|12px|12px|12px|12px\u00a0\u00bb global_colors_info=\u00a0\u00bb{}\u00a0\u00bb sticky_enabled=\u00a0\u00bb0&Prime;][\/et_pb_image][et_pb_blurb title=\u00a0\u00bbOlivier Guidetti<br \/>Pr\u00e9sident de l&rsquo;ADAN\u00a0\u00bb use_icon=\u00a0\u00bbon\u00a0\u00bb font_icon=\u00a0\u00bb&#xe065;||divi||400&Prime; icon_color=\u00a0\u00bb#004990&Prime; icon_placement=\u00a0\u00bbleft\u00a0\u00bb image_icon_width=\u00a0\u00bb36px\u00a0\u00bb content_max_width=\u00a0\u00bb100%\u00a0\u00bb _builder_version=\u00a0\u00bb4.25.2&Prime; _module_preset=\u00a0\u00bbdefault\u00a0\u00bb header_font=\u00a0\u00bbJost|600|||||||\u00a0\u00bb header_text_align=\u00a0\u00bbleft\u00a0\u00bb header_text_color=\u00a0\u00bb#293043&Prime; header_font_size=\u00a0\u00bb25px\u00a0\u00bb header_line_height=\u00a0\u00bb1.4em\u00a0\u00bb body_font=\u00a0\u00bbRoboto Flex||||||||\u00a0\u00bb body_text_align=\u00a0\u00bbleft\u00a0\u00bb body_text_color=\u00a0\u00bb#696e7b\u00a0\u00bb body_font_size=\u00a0\u00bb17px\u00a0\u00bb body_line_height=\u00a0\u00bb1.9em\u00a0\u00bb image_icon_custom_margin=\u00a0\u00bb0px|13px|0px|0px|false|false\u00a0\u00bb image_icon_custom_padding=\u00a0\u00bb0px||0px||false|false\u00a0\u00bb custom_margin=\u00a0\u00bb32px||24px||false|false\u00a0\u00bb custom_padding=\u00a0\u00bb0px||31px||false|false\u00a0\u00bb animation=\u00a0\u00bboff\u00a0\u00bb custom_css_blurb_title=\u00a0\u00bbmargin-bottom:2px;\u00a0\u00bb custom_css_blurb_content=\u00a0\u00bbmargin:0px;\u00a0\u00bb border_color_bottom=\u00a0\u00bb#e5efff\u00a0\u00bb global_colors_info=\u00a0\u00bb{}\u00a0\u00bb][\/et_pb_blurb][\/et_pb_column][et_pb_column type=\u00a0\u00bb3_5&Prime; _builder_version=\u00a0\u00bb4.25.2&Prime; _module_preset=\u00a0\u00bbdefault\u00a0\u00bb custom_padding=\u00a0\u00bb|||15px|false|false\u00a0\u00bb custom_padding_tablet=\u00a0\u00bb|||0px|false|false\u00a0\u00bb custom_padding_phone=\u00a0\u00bb|||0px|false|false\u00a0\u00bb custom_padding_last_edited=\u00a0\u00bbon|tablet\u00a0\u00bb animation_style=\u00a0\u00bbslide\u00a0\u00bb animation_direction=\u00a0\u00bbbottom\u00a0\u00bb animation_delay=\u00a0\u00bb200ms\u00a0\u00bb animation_intensity_slide=\u00a0\u00bb2%\u00a0\u00bb animation_speed_curve=\u00a0\u00bbease\u00a0\u00bb global_colors_info=\u00a0\u00bb{}\u00a0\u00bb][et_pb_text _builder_version=\u00a0\u00bb4.25.2&Prime; _module_preset=\u00a0\u00bbdefault\u00a0\u00bb header_4_font=\u00a0\u00bbUrbanist||||on|||#004990|\u00a0\u00bb header_4_text_align=\u00a0\u00bbleft\u00a0\u00bb header_4_text_color=\u00a0\u00bb#004990&Prime; header_4_font_size=\u00a0\u00bb19px\u00a0\u00bb header_4_line_height=\u00a0\u00bb1.2em\u00a0\u00bb custom_margin=\u00a0\u00bb0px||4px||false|false\u00a0\u00bb custom_margin_tablet=\u00a0\u00bb90px||4px||false|false\u00a0\u00bb custom_margin_phone=\u00a0\u00bb40px||||false|false\u00a0\u00bb custom_margin_last_edited=\u00a0\u00bbon|tablet\u00a0\u00bb custom_padding=\u00a0\u00bb0px||0px||false|false\u00a0\u00bb hover_enabled=\u00a0\u00bb0&Prime; global_colors_info=\u00a0\u00bb{}\u00a0\u00bb sticky_enabled=\u00a0\u00bb0&Prime;]<\/p>\n<h4>Welcome<\/h4>\n<p>[\/et_pb_text][et_pb_text _builder_version=\u00a0\u00bb4.25.2&Prime; _module_preset=\u00a0\u00bbdefault\u00a0\u00bb header_font=\u00a0\u00bbUrbanist|700|||||||\u00a0\u00bb header_text_align=\u00a0\u00bbleft\u00a0\u00bb header_text_color=\u00a0\u00bb#1f242e\u00a0\u00bb header_font_size=\u00a0\u00bb60px\u00a0\u00bb header_line_height=\u00a0\u00bb1.2em\u00a0\u00bb custom_margin=\u00a0\u00bb0px||0px||false|false\u00a0\u00bb custom_padding=\u00a0\u00bb0px||0px||false|false\u00a0\u00bb hover_enabled=\u00a0\u00bb0&Prime; header_font_size_tablet=\u00a0\u00bb40px\u00a0\u00bb header_font_size_phone=\u00a0\u00bb45px\u00a0\u00bb header_font_size_last_edited=\u00a0\u00bbon|phone\u00a0\u00bb locked=\u00a0\u00bboff\u00a0\u00bb global_colors_info=\u00a0\u00bb{}\u00a0\u00bb sticky_enabled=\u00a0\u00bb0&Prime;]<\/p>\n<h1 class=\"translation-block\">A word from the Chairman<\/h1>\n<p>[\/et_pb_text][et_pb_text _builder_version=\u00a0\u00bb4.25.2&Prime; _module_preset=\u00a0\u00bbdefault\u00a0\u00bb text_font=\u00a0\u00bbUrbanist||||||||\u00a0\u00bb text_font_size=\u00a0\u00bb16px\u00a0\u00bb global_colors_info=\u00a0\u00bb{}\u00a0\u00bb]<\/p>\n<p class=\"ng-binding\">The usefulness of a website comes down to providing a \u201cwindow\u201d intended to facilitate rapid exchange of information, of images, of ideas and above all to stimulate debate between visitors. Surfers which you are, should therefore find something of interest, and feel the need to return and finally to participate in thisexchange.<\/p>\n<p class=\"ng-binding\">The  Committee  is  composed  of  volunteers,  not  necessarily  specialists  in  all  disciplines,  notably concerning the implementation of a website, or the publication of the Echo. Good will does not suffice as we know. That is why the Committee tries to learn, gets help and tries to use these two  media  in  an  attractive  manner.  To  increase  efficiency  the  \u201csurfer\u201d  should,  for  his  part,  participate actively in the process. Thus, he should express himself, give his opinion, suggestions, advice,  make  known  the  subjects  which  interest  him  and,  why  not,  thank  and  congratulate.  The  Committee publishes two or three editions of the Echo each year and updates the website regularly. Comments  received  since  the  creation  of  the  Echo  in  2010  can  be  counted  on  the  fingers  of  one  hand. As for the website, the only correspondence concerns the loss of a password! Moreover visits to the website remain infrequent, 2 or 3 per month! You are now more than three hundred to pay your  annual  subscriptions  that  is  already  a  lot,  even  if  many  former  staff  members  could  join  us,  which they will not delay in so doing! It is therefore principally to you that I address myself in asking you to encourage the Committee to do better in interesting you more. These two vehicles, true links between us all, would s their personality and through that, their success.<\/p>\n<p class=\"ng-binding\">Therefore,  to  encourage  you  to  open  discussion,  I  wonder  if  \u201cDo  you  think  that  a  questionnaire concerning these two vehicles, the Echo and the website, would be necessary with a view to assessing the situation and with the results on hand to take appropriate measures?\u201d It\u2019s up to you to reply!<\/p>\n<p>The  evolution  of  NATO  and  the  Coordinated  Organisations  in  a  way  which  is  rarely  favourable to the staff, retired staff and those insured by Allianz should lead us to strengthen the bonds which bind us. What else but communication and discussion? I\u2019m counting on you.<\/p>\n<p>&nbsp;<\/p>\n<p>[\/et_pb_text][\/et_pb_column][\/et_pb_row][\/et_pb_section]<\/p>","protected":false},"excerpt":{"rendered":"<p>Bienvenue !ASSOCIATION DES ANCIENS DE LA NSPABienvenue !Le mot du pr\u00e9sidentL&rsquo;utilit\u00e9 d&rsquo;un site web se r\u00e9sume \u00e0 fournir une \u00ab fen\u00eatre \u00bb destin\u00e9e \u00e0 faciliter l&rsquo;\u00e9change rapide d&rsquo;informations, d&rsquo;images, d&rsquo;id\u00e9es et surtout \u00e0 stimuler le d\u00e9bat entre les visiteurs. Les internautes que vous \u00eates devraient donc y trouver un int\u00e9r\u00eat, et \u00e9prouver le besoin de revenir et enfin de participer \u00e0 cet \u00e9change. Le Comit\u00e9 est compos\u00e9 de b\u00e9n\u00e9voles, pas n\u00e9cessairement sp\u00e9cialistes de toutes les disciplines, notamment en ce qui concerne la mise en place d&rsquo;un site web, ou la publication de l&rsquo;Echo. La bonne volont\u00e9 ne suffit pas, nous le savons. C&rsquo;est pourquoi le Comit\u00e9 essaie d&rsquo;apprendre, de se faire aider et d&rsquo;utiliser ces deux m\u00e9dias de mani\u00e8re attrayante. Pour plus d&rsquo;efficacit\u00e9, l&rsquo;internaute doit, quant \u00e0 lui, participer activement au processus. Ainsi, il doit s&rsquo;exprimer, donner son avis, des suggestions, des conseils, faire conna\u00eetre les sujets qui l&rsquo;int\u00e9ressent et, pourquoi pas, remercier et f\u00e9liciter. Le Comit\u00e9 publie deux ou trois \u00e9ditions de l&rsquo;Echo par an et met r\u00e9guli\u00e8rement \u00e0 jour le site web. Les commentaires re\u00e7us depuis la cr\u00e9ation de l&rsquo;Echo en 2010 se comptent sur les doigts d&rsquo;une main. Quant au site web, la seule correspondance concerne la [&hellip;]<\/p>","protected":false},"author":1,"featured_media":0,"parent":0,"menu_order":0,"comment_status":"closed","ping_status":"closed","template":"","meta":{"_et_pb_use_builder":"on","_et_pb_old_content":"<!-- wp:divi\/placeholder \/-->","_et_gb_content_width":"","footnotes":""},"difl_page_category":[],"class_list":["post-10","page","type-page","status-publish","hentry"],"_links":{"self":[{"href":"https:\/\/otan.testpw.link\/en\/wp-json\/wp\/v2\/pages\/10","targetHints":{"allow":["GET"]}}],"collection":[{"href":"https:\/\/otan.testpw.link\/en\/wp-json\/wp\/v2\/pages"}],"about":[{"href":"https:\/\/otan.testpw.link\/en\/wp-json\/wp\/v2\/types\/page"}],"author":[{"embeddable":true,"href":"https:\/\/otan.testpw.link\/en\/wp-json\/wp\/v2\/users\/1"}],"replies":[{"embeddable":true,"href":"https:\/\/otan.testpw.link\/en\/wp-json\/wp\/v2\/comments?post=10"}],"version-history":[{"count":93,"href":"https:\/\/otan.testpw.link\/en\/wp-json\/wp\/v2\/pages\/10\/revisions"}],"predecessor-version":[{"id":280188,"href":"https:\/\/otan.testpw.link\/en\/wp-json\/wp\/v2\/pages\/10\/revisions\/280188"}],"wp:attachment":[{"href":"https:\/\/otan.testpw.link\/en\/wp-json\/wp\/v2\/media?parent=10"}],"wp:term":[{"taxonomy":"difl_page_category","embeddable":true,"href":"https:\/\/otan.testpw.link\/en\/wp-json\/wp\/v2\/difl_page_category?post=10"}],"curies":[{"name":"wp","href":"https:\/\/api.w.org\/{rel}","templated":true}]}}